{"id":1019,"date":"2024-02-20T12:48:35","date_gmt":"2024-02-20T12:48:35","guid":{"rendered":"https:\/\/fw-nk.de\/?page_id=1019"},"modified":"2024-03-12T14:04:34","modified_gmt":"2024-03-12T14:04:34","slug":"stadtrat-neunkirchen","status":"publish","type":"page","link":"https:\/\/fw-nk.de\/index.php\/kommunalwahl-24\/stadtrat-neunkirchen\/","title":{"rendered":"Stadtrat Neunkirchen"},"content":{"rendered":"<p><strong>Unsere Kandidaten f\u00fcr den Neunkircher Stadtrat im \u00dcberblick<\/strong><\/p>\n<p><img loading=\"lazy\" decoding=\"async\" class=\"aligncenter\" src=\"https:\/\/fw-nk.de\/wp-content\/uploads\/2024\/03\/Brandon-Lee-Posse.jpg\" alt=\"Brandon Lee Posse\" width=\"250\" height=\"354\" \/><\/p>\n<div class=\"xdj266r x11i5rnm xat24cr x1mh8g0r x1vvkbs x126k92a\">\n<div dir=\"auto\">\n<div class=\"x11i5rnm xat24cr x1mh8g0r x1vvkbs xtlvy1s x126k92a\">\n<div dir=\"auto\"><strong>Name: Brandon Lee Posse<\/strong><\/div>\n<div dir=\"auto\"><strong>Listenplatz 1 f\u00fcr den Stadtrat sowie Ortsrat NK<\/strong><\/div>\n<div dir=\"auto\"><strong>Jahrgang: 1997<\/strong><\/div>\n<div dir=\"auto\"><strong>Geboren in: Neunkirchen\/Saar<\/strong><\/div>\n<div dir=\"auto\"><strong>Zuletzt t\u00e4tig als selbstst\u00e4ndiger freier Fotograf<\/strong><\/div>\n<\/div>\n<div class=\"x11i5rnm xat24cr x1mh8g0r x1vvkbs xtlvy1s x126k92a\">\n<div dir=\"auto\">Ich engagiere mich bei den FREIEN W\u00c4HLERN Neunkirchen seit Juli 2019<\/div>\n<\/div>\n<div class=\"x11i5rnm xat24cr x1mh8g0r x1vvkbs xtlvy1s x126k92a\">\n<div dir=\"auto\">Ich bin politisch aktiv, weil ich mit der Kommunalpolitik in unserer Stadt unzufrieden bin und etwas \u00e4ndern m\u00f6chte. Mir liegt es am Herzen, dass ich mich f\u00fcr die Anliegen unserer B\u00fcrger einsetze und mit ihnen dar\u00fcber sprechen.<\/div>\n<\/div>\n<div class=\"x11i5rnm xat24cr x1mh8g0r x1vvkbs xtlvy1s x126k92a\">\n<div dir=\"auto\">Meine thematischen Schwerpunkte f\u00fcr Neunkirchen sind Stadtentwicklung, Bildung und Freizeit.<\/div>\n<\/div>\n<div class=\"x11i5rnm xat24cr x1mh8g0r x1vvkbs xtlvy1s x126k92a\">\n<div dir=\"auto\">Ich engagiere mich in meiner Freizeit als Vorsitzender bei den FREIEN W\u00c4HLER Neunkirchen, als Landesvorsitzender der JUNGEN FREIEN W\u00c4HLER Saarland, als Schriftf\u00fchrer in der kommunalen AG Beleuchtung und als Teilnehmer in der kommunalen AG subjektive Sicherheit &amp; Sauberkeit.<\/div>\n<\/div>\n<div class=\"x11i5rnm xat24cr x1mh8g0r x1vvkbs xtlvy1s x126k92a\">\n<div dir=\"auto\">Mein Ziel ist es, dass im Stadtrat eine Politik f\u00fcr die B\u00fcrger und mit den B\u00fcrgern gemacht wird. Die B\u00fcrger sollen aktiv an der Entwicklung unserer Kreisstadt teilnehmen k\u00f6nnen und auch Geh\u00f6r bei der Stadtverwaltung bekommen.<\/div>\n<\/div>\n<div class=\"x11i5rnm xat24cr x1mh8g0r x1vvkbs xtlvy1s x126k92a\">\n<div dir=\"auto\">F\u00fcr die Menschen in Neunkirchen w\u00e4re ich als Stadtratsmitglied besonders wertvoll, weil ich mich im Stadtrat als Neinkeijer f\u00fcr die Neinkeijer einsetzten m\u00f6chte. Mein Herz schl\u00e4gt f\u00fcr unsere Heimat Neunkirchen, f\u00fcr die ich auch gerne anpacke und nicht nur schw\u00e4tze.<\/div>\n<\/div>\n<\/div>\n<\/div>\n<p><!--nextpage--><\/p>\n<p style=\"text-align: center;\"><img loading=\"lazy\" decoding=\"async\" class=\"aligncenter\" src=\"https:\/\/fw-nk.de\/wp-content\/uploads\/2024\/03\/Marc-Beinlich.jpg\" alt=\"Marc Beinlich\" width=\"250\" height=\"354\" \/><\/p>\n<div class=\"xdj266r x11i5rnm xat24cr x1mh8g0r x1vvkbs x126k92a\">\n<div dir=\"auto\"><strong>Name: Marc Christian Beinlich<\/strong><\/div>\n<div dir=\"auto\"><strong>Listenplatz 2 f\u00fcr den Stadtrat und Listenplatz 1 f\u00fcr den Ortsrat Wiebelskirchen-Hangard-M\u00fcnchwies<\/strong><\/div>\n<\/div>\n<div class=\"x11i5rnm xat24cr x1mh8g0r x1vvkbs xtlvy1s x126k92a\">\n<div dir=\"auto\"><strong>Jahrgang: 1982<\/strong><\/div>\n<div dir=\"auto\"><strong>Geboren in: Homburg\/Saar<\/strong><\/div>\n<div dir=\"auto\"><strong>Wohnhaft in: M\u00fcnchwies<\/strong><\/div>\n<div dir=\"auto\"><strong>Zuletzt t\u00e4tig als Rettungssanit\u00e4ter im \u00f6ffentlichen Rettungsdienst<\/strong><\/div>\n<div dir=\"auto\">Ich engagiere mich bei den FREIEN W\u00c4HLERN Neunkirchen seit Mai 2023<\/div>\n<\/div>\n<div class=\"x11i5rnm xat24cr x1mh8g0r x1vvkbs xtlvy1s x126k92a\">\n<div dir=\"auto\">Ich bin politisch aktiv, weil ich etwas f\u00fcr Neunkirchen ver\u00e4ndern m\u00f6chte<\/div>\n<\/div>\n<div class=\"x11i5rnm xat24cr x1mh8g0r x1vvkbs xtlvy1s x126k92a\">\n<div dir=\"auto\">Meine thematischen Schwerpunkte f\u00fcr Neunkirchen sind Sicherheit, Sauberkeit und Tourismus<\/div>\n<\/div>\n<div class=\"x11i5rnm xat24cr x1mh8g0r x1vvkbs xtlvy1s x126k92a\">\n<div dir=\"auto\">Ich engagiere mich in meiner Freizeit als Vorsitzender im Verein Lebensmittelrettung Saar<\/div>\n<\/div>\n<div class=\"x11i5rnm xat24cr x1mh8g0r x1vvkbs xtlvy1s x126k92a\">\n<div dir=\"auto\">Mein Ziel ist es, Neunkirchen wieder zu einer Stadt zu machen, die man gerne besucht und in der man sich wieder wohlf\u00fchlt.<\/div>\n<\/div>\n<div class=\"x11i5rnm xat24cr x1mh8g0r x1vvkbs xtlvy1s x126k92a\">\n<div dir=\"auto\">F\u00fcr die Menschen in Neunkirchen w\u00e4re ich als Stadtratsmitglied besonders wertvoll, weil ich mich f\u00fcr die Belange der B\u00fcrger einsetzten m\u00f6chte.<\/div>\n<\/div>\n<p><!--nextpage--><\/p>\n<p style=\"text-align: left;\"><img loading=\"lazy\" decoding=\"async\" class=\"aligncenter\" src=\"https:\/\/fw-nk.de\/wp-content\/uploads\/2024\/03\/Michael-Brenner.jpg\" alt=\"Michael Brernner\" width=\"250\" height=\"354\" \/><strong>Michael Christian Brenner<\/strong><br \/>\n<strong>Listenplatz 3 f\u00fcr den Stadtrat Neunkirchen und Listenplatz 1 f\u00fcr den Ortsrat Furpach-Kohlhof-Ludwigsthal<\/strong><br \/>\n<strong>Jahrgang:1968<\/strong><br \/>\n<strong>Geboren in: Backnang (Baden-W\u00fcrttemberg)<\/strong><br \/>\n<strong>Wohnhaft in: Furpach<\/strong><br \/>\n<strong>Zuletzt t\u00e4tig als Verkaufsleiter<\/strong><br \/>\nIch engagiere mich bei den FREIEN W\u00c4HLERN Neunkirchen seit 2023.<br \/>\nIch bin politisch aktiv, weil die Ver\u00e4nderungen im Kleinen beginnen und nicht in Berlin. Ich m\u00f6chte in Neunkirchen f\u00fcr die Neunkircher etwas verbessern.<br \/>\nMeine thematischen Schwerpunkte f\u00fcr Neunkirchen sind Inklusion, Senioren und Soziales.<br \/>\nIch engagiere mich in meiner Freizeit als Mitglied beim VdK.<br \/>\nMein Ziel ist es, dass Neunkirchen senioren- und behindertengerechter gestaltet wird.<br \/>\nF\u00fcr die Menschen in Neunkirchen w\u00e4re ich als Stadtratsmitglied besonders wertvoll, weil ich zuh\u00f6ren kann und mich f\u00fcr meine Mitmenschen einsetze.<\/p>\n<p><!--nextpage--><\/p>\n<p><img loading=\"lazy\" decoding=\"async\" class=\"aligncenter\" src=\"https:\/\/fw-nk.de\/wp-content\/uploads\/2024\/03\/Steven-Posse.jpg\" alt=\"Steven Posse\" width=\"250\" height=\"354\" \/><\/p>\n<p><strong>Steven Michael Posse<\/strong><br \/>\n<strong>Listenplatz 4 f\u00fcr den Stadtrat und Listenplatz 5 f\u00fcr den Ortsrat Neunkirchen<\/strong><br \/>\n<strong>Jahrgang: 1983<\/strong><br \/>\n<strong>Geboren in: Neunkirchen<\/strong><br \/>\n<strong>Wohnhaft in: Neunkirchen<\/strong><br \/>\n<strong>Zuletzt t\u00e4tig als: Elektroinstallateur<\/strong><br \/>\nIch engagiere mich bei den FREIEN W\u00c4HLERN Neunkirchen seit: Juli 2019<br \/>\nIch bin politisch aktiv, weil mir meine Heimat am Herzen liegt und ich einen frischen Wind in der Politik von Neunkirchen w\u00fcnsche.<br \/>\nMeine thematischen Schwerpunkte f\u00fcr Neunkirchen sind Gesundheit, Sicherheit und Kultur.<br \/>\nIch engagiere mich in meiner Freizeit als 2. Vorsitzender im Vorstand der FREIEN W\u00c4HLER Neunkirchen.<br \/>\nMein Ziel ist es, Neunkirchen wieder liebenswerter f\u00fcr alle Menschen zu gestalten.<br \/>\nF\u00fcr die Menschen in Neunkirchen w\u00e4re ich als Stadtratsmitglied besonders wertvoll, weil ich aus ihrer Mitte komme und selbst sehe und f\u00fchle, was die Menschen dieser Stadt bedr\u00fcckt. Ich m\u00f6chte auf kommunaler Ebene helfen, der Stadt neuen Glanz zu verleihen.<\/p>\n<p><!--nextpage--><img loading=\"lazy\" decoding=\"async\" class=\"aligncenter\" src=\"https:\/\/fw-nk.de\/wp-content\/uploads\/2024\/03\/michelle-Lang-Posse.jpg\" alt=\"Michelle Monique Lang Posse\" width=\"250\" height=\"354\" \/><\/p>\n<p><strong>Michelle Monique Lang-Posse <\/strong><br \/>\n<strong>Listenplatz 5 f\u00fcr den Stadtrat und Listenplatz 6 f\u00fcr den Ortsrat Neunkirchen<\/strong><br \/>\n<strong>Jahrgang: 1997<\/strong><br \/>\n<strong>Geboren in: Neunkirchen\/Saar<\/strong><br \/>\n<strong>Wohnhaft in; Neunkirchen\/Saar<\/strong><br \/>\n<strong>Zuletzt t\u00e4tig als: Hausfrau<\/strong><br \/>\nIch engagiere mich bei den FREIEN W\u00c4HLERN Neunkirchen seit Juli 2019.<br \/>\nIch bin politisch aktiv, weil mir die derzeitige Entwicklung unserer Stadt nicht gef\u00e4llt und ich etwas daran ver\u00e4ndern m\u00f6chte.<br \/>\nMeine thematischen Schwerpunkte f\u00fcr Neunkirchen sind Sicherheit, Bildung und Familie.<br \/>\nIch engagiere mich in meiner Freizeit als Schatzmeisterin im Vorstand bei den FREIEN W\u00c4HLER Neunkirchen und als Landesschatzmeisterin bei den JUNGE FREIE W\u00c4HLER Saarland.<br \/>\nMein Ziel ist es, das man in Neunkirchen nochmal etwas sicherer Leben kann. Ich m\u00f6chte mich auch mit den B\u00fcrgern \u00fcber Ihre Probleme, die Neunkirchen betreffen, austauschen.<br \/>\nF\u00fcr die Menschen Neunkirchen w\u00e4re ich als Stadtratsmitglied besonders wertvoll, weil ich mich f\u00fcr die Probleme in unserer Stadt einsetzen m\u00f6chte. Ich werde nicht die Augen vor den Problemen in Neunkirchen verschlie\u00dfen.<\/p>\n<p><!--nextpage--><\/p>\n<p><img loading=\"lazy\" decoding=\"async\" class=\"aligncenter\" src=\"https:\/\/fw-nk.de\/wp-content\/uploads\/2024\/03\/sascha-Hoeffner.jpg\" alt=\"Sascha H\u00f6ffner\" width=\"250\" height=\"354\" \/><\/p>\n<p><strong>Name: Sascha H\u00f6ffner<\/strong><br \/>\n<strong>Listenplatz 6 f\u00fcr den Stadtrat Neunkirchen und Listenplatz 2 f\u00fcr den Ortsrat Neunkirchen<\/strong><br \/>\n<strong>Jahrgang: 1968<\/strong><br \/>\n<strong>Geboren in: Neunkirchen\/Saar<\/strong><br \/>\n<strong>Wohnhaft in: Neunkirchen\/Saar<\/strong><br \/>\n<strong>Zuletzt t\u00e4tig als: Kaufm\u00e4nnischer Mitarbeiter<\/strong><br \/>\nIch engagiere mich bei den FREIEN W\u00c4HLERN Neunkirchen seit September 2022<br \/>\nIch bin politisch aktiv, weil ich aktiv etwas in unserer Stadt bewegen m\u00f6chte. Mit dem Ohr beim B\u00fcrger und mit Herz bei der Sache.<br \/>\nMeine thematischen Schwerpunkte f\u00fcr Neunkirchen sind: Sicherheit, Ordnung und Sauberkeit.<br \/>\nIch engagiere mich in meiner Freizeit derzeit in der kommunalen AG Subjektive Sicherheit und kommunalen AG Beleuchtung.<br \/>\nMein Ziel ist es, dass unsere Stadt Neunkirchen wieder sicherer und sauberer wird.<br \/>\nF\u00fcr die Menschen in Neunkirchen w\u00e4re ich als Stadtratsmitglied besonders wertvoll, weil ich als Anwohner der Innenstadt die Belange der B\u00fcrger gut verstehe und mich f\u00fcr sie einsetze.<\/p>\n<p><!--nextpage--><\/p>\n<p><img loading=\"lazy\" decoding=\"async\" class=\"aligncenter\" src=\"https:\/\/fw-nk.de\/wp-content\/uploads\/2024\/03\/Tobias-Naumann.jpg\" alt=\"Tobias Naumann\" width=\"250\" height=\"354\" \/><\/p>\n<p><strong>Name: Tobias Naumann<\/strong><br \/>\n<strong>Listenplatz 7 f\u00fcr den Stadtrat Neunkirchen und Listenplatz 3 f\u00fcr den Ortsrat Neunkirchen<\/strong><br \/>\n<strong>Geboren in: Saarlouis<\/strong><br \/>\n<strong>Wohnhaft in Neunkirchen<\/strong><br \/>\n<strong>Zuletzt t\u00e4tig als: Kaufm\u00e4nnischer Assistent<\/strong><br \/>\nIch engagiere mich bei den FREIEN W\u00c4HLERN Neunkirchen seit Juli 2019<br \/>\nIch bin politisch aktiv, weil ich mich politisch engagieren und f\u00fcr die Probleme unserer Stadt einsetzten m\u00f6chte.<br \/>\nMeine thematischen Schwerpunkte f\u00fcr Neunkirchen sind Inklusion, Bildung und Ehrenamt.<br \/>\nIch engagiere mich in meiner Freizeit als Schriftf\u00fchrer im Vorstand der FREIEN W\u00c4HLER Neunkirchen, als Beisitzer im Vorstand der JUNGEN FREIEN W\u00c4HLER Saarland, als Teilnehmer in den kommunalen AG\u00b4s Beleuchtung und subjektive Sicherheit.<br \/>\nMein Ziel ist es, dass der Zusammenhalt und das respektvolle Miteinander in der Gesellschaft wieder gest\u00e4rkt wird.<br \/>\nF\u00fcr die Menschen in Neunkirchen w\u00e4re ich als Stadtratsmitglied besonders wertvoll, weil der Stadtrat Menschen wie mich braucht, die sich mit gesundem Menschenverstand f\u00fcr eine b\u00fcrgernahe Politik einsetzen.<\/p>\n<p><!--nextpage--><\/p>\n<p><img loading=\"lazy\" decoding=\"async\" class=\"aligncenter\" src=\"https:\/\/fw-nk.de\/wp-content\/uploads\/2024\/03\/Rita-Schwarz.jpg\" alt=\"Rita Schwarz\" width=\"250\" height=\"354\" \/><\/p>\n<p><strong>Name: Rita Schwarz<\/strong><br \/>\n<strong>Listenplatz 8 f\u00fcr den Stadtrat Neunkirchen und Listenplatz 4 f\u00fcr den Ortsrat Neunkirchen<\/strong><br \/>\n<strong>Jahrgang: 1956<\/strong><br \/>\n<strong>Geboren in: Neunkirchen\/Saar<\/strong><br \/>\n<strong>Wohnhaft in: Neunkirchen\/Saar<\/strong><br \/>\n<strong>Zuletzt t\u00e4tig als: Verk\u00e4uferin in Ruhestand<\/strong><br \/>\nIch engagiere mich bei den FREIEN W\u00c4HLERN Neunkirchen seit August 2020.<br \/>\nIch bin politisch aktiv, weil mir die Entwicklung unserer Stadt Sorgen bereitet.<br \/>\nMeine thematischen Schwerpunkte f\u00fcr Neunkirchen sind: Ehrenamt, Tradition und Wirtschaft.<br \/>\nIch engagiere mich in meiner Freizeit derzeit als Beisitzerin im Vorstand der FREIEN W\u00c4HLER Neunkirchen.<br \/>\nMein Ziel ist es, dass sich das Erscheinungsbild unserer Stadt verbessert. Ich m\u00f6chte, dass meine Enkelkinder in einer Stadt aufwachsen, in der sie sp\u00e4ter gerne leben.<br \/>\nF\u00fcr die Menschen in Neunkirchen w\u00e4re ich als Stadtratsmitglied besonders wertvoll, weil ich mich als Neinkeijer M\u00e4de f\u00fcr unsere Heimat interessiere und gerne die Stadt nochmal zum Positiven entwickeln m\u00f6chte.<\/p>\n<p><!--nextpage--><\/p>\n<p><img loading=\"lazy\" decoding=\"async\" class=\"aligncenter\" src=\"https:\/\/fw-nk.de\/wp-content\/uploads\/2024\/03\/Magarethe-kerth.jpg\" alt=\"Margarete Kerth\" width=\"250\" height=\"354\" \/><\/p>\n<p><strong>Name:\u00a0 Margarete Elisabeth Kerth<\/strong><br \/>\n<strong>Listenplatz 9 f\u00fcr den Stadtrat und Listenplatz 2 f\u00fcr den Ortsrat Wiebelskirchen-Hangard-M\u00fcnchwies<\/strong><br \/>\n<strong>Jahrgang: 1948<\/strong><br \/>\n<strong>Geboren in: Wiebelskirchen<\/strong><br \/>\n<strong>Wohnhaft in: Wiebelskirchen<\/strong><br \/>\n<strong>Zuletzt t\u00e4tig als: Bankfachwirtin<\/strong><br \/>\nIch engagiere mich bei den FREIEN W\u00c4HLERN Neunkirchen seit Oktober 2022. Ich bin politisch aktiv, weil ich wieder in einem sicheren und sauberen Neunkirchen leben m\u00f6chte. Meine thematischen Schwerpunkte f\u00fcr Neunkirchen sind Sicherheit, Ordnung und Sauberkeit. Ich engagiere mich in meiner Freizeit als Kassenpr\u00fcferin bei Haus und Grund Neunkirchen, beim Obst und Gartenbauverein Wiebelskirchen und Ambulante Hospiz St. Josef Neunkirchen. Mein Ziel ist es, dass Neunkirchen wieder eine Stadt zum Erleben wird und die Leute sich in unsere Gesellschaft integrieren. F\u00fcr die Menschen Neunkirchen w\u00e4re ich als Stadtratsmitglied besonders wertvoll, weil ich den Willen der B\u00fcrger durchsetzen m\u00f6chte.<\/p>\n<p><!--nextpage--><\/p>\n<p><img loading=\"lazy\" decoding=\"async\" class=\"aligncenter\" src=\"https:\/\/fw-nk.de\/wp-content\/uploads\/2024\/03\/michael-Posse.jpg\" alt=\"Michael Posse\" width=\"250\" height=\"354\" \/><\/p>\n<p><strong>Name: Michael Klaus Peter Posse<\/strong><br \/>\n<strong>Listenplatz 10 f\u00fcr den Stadtrat <\/strong><br \/>\n<strong>Jahrgang: 1960<\/strong><br \/>\n<strong>Geboren in: Neunkirchen\/Saar<\/strong><br \/>\n<strong>Wohnhaft in: Wiebelskirchen<\/strong><br \/>\n<strong>Zuletzt T\u00e4tig als: Rentner<\/strong><br \/>\nIch engagiere mich bei den FREIEN W\u00c4HLERN Neunkirchen seit Juli 2019.<br \/>\nIch bin politisch aktiv, weil ich in Neunkirchen mit interessierten B\u00fcrgern ein starkes Neunkirchen gestalten und mich mit meinen Ideen politisch einbringen will. Die b\u00fcrgernahe, unabh\u00e4ngige und sachbezogene Politik der Freien W\u00e4hler hat mich \u00fcberzeugt, sich als starker B\u00fcrger f\u00fcr ein starkes Neunkirchen einzusetzen. Meine thematischen Schwerpunkte f\u00fcr Neunkirchen sind Gesundheit, Inklusion und Freizeit.Ich engagiere mich in meiner Freizeit als Pressesprecher im Vorstand der FREIEN W\u00c4HLER Neunkirchen. Mein Ziel ist es, Neunkirchen noch einmal dorthin zu bringen, wo man sich wohlf\u00fchlt. Dazu geh\u00f6ren Angebote wie Freizeit sowie Kultur f\u00fcr Jung und Alt. Eine Anlaufstation, Unterkunft sowie Betreuung mit Sozialarbeiter oder Streetworker f\u00fcr Randst\u00e4ndige wie z.B in Saarbr\u00fccken. Der Postpark ist f\u00fcr mich nicht der geeignete Ort.<br \/>\nF\u00fcr die Menschen in Neunkirchen w\u00e4re ich als Stadtratsmitglied besonders wertvoll, weil ich offen und ehrlich die Probleme in unserer Stadt anspreche und auch kritisch hinterfrage. Ich identifiziere mich mit Sport. Politik ist wie Sport. Teamwork und zusammen auf den Erfolg hinarbeiten.<\/p>\n","protected":false},"excerpt":{"rendered":"<div class=\"mh-excerpt\"><p>Unsere Kandidaten f\u00fcr den Neunkircher Stadtrat im \u00dcberblick Name: Brandon Lee Posse Listenplatz 1 f\u00fcr den Stadtrat sowie Ortsrat NK Jahrgang: 1997 Geboren in: Neunkirchen\/Saar <a class=\"mh-excerpt-more\" href=\"https:\/\/fw-nk.de\/index.php\/kommunalwahl-24\/stadtrat-neunkirchen\/\" title=\"Stadtrat Neunkirchen\">[&#8230;]<\/a><\/p>\n<div class=\"shariff shariff-align-flex-start shariff-widget-align-flex-start\" data-services=\"facebook\" data-url=\"https%3A%2F%2Ffw-nk.de%2Findex.php%2Fkommunalwahl-24%2Fstadtrat-neunkirchen%2F\" data-timestamp=\"1710252274\" data-hidezero=\"1\" data-backendurl=\"https:\/\/fw-nk.de\/wp-json\/shariff\/v1\/share_counts?\"><ul class=\"shariff-buttons theme-round orientation-horizontal buttonsize-small\"><li class=\"shariff-button mastodon shariff-nocustomcolor\" style=\"background-color:#563ACC\"><a href=\"https:\/\/s2f.kytta.dev\/?text=Stadtrat%20Neunkirchen https%3A%2F%2Ffw-nk.de%2Findex.php%2Fkommunalwahl-24%2Fstadtrat-neunkirchen%2F\" title=\"Bei Mastodon teilen\" aria-label=\"Bei Mastodon teilen\" role=\"button\" rel=\"noopener nofollow\" class=\"shariff-link\" style=\"; background-color:#6364FF; color:#fff\" target=\"_blank\"><span class=\"shariff-icon\" style=\"\"><svg width=\"75\" height=\"79\" viewBox=\"0 0 75 79\" fill=\"none\" xmlns=\"http:\/\/www.w3.org\/2000\/svg\"><path d=\"M37.813-.025C32.462-.058 27.114.13 21.79.598c-8.544.621-17.214 5.58-20.203 13.931C-1.12 23.318.408 32.622.465 41.65c.375 7.316.943 14.78 3.392 21.73 4.365 9.465 14.781 14.537 24.782 15.385 7.64.698 15.761-.213 22.517-4.026a54.1 54.1 0 0 0 .01-6.232c-6.855 1.316-14.101 2.609-21.049 1.074-3.883-.88-6.876-4.237-7.25-8.215-1.53-3.988 3.78-.43 5.584-.883 9.048 1.224 18.282.776 27.303-.462 7.044-.837 14.26-4.788 16.65-11.833 2.263-6.135 1.215-12.79 1.698-19.177.06-3.84.09-7.692-.262-11.52C72.596 7.844 63.223.981 53.834.684a219.453 219.453 0 0 0-16.022-.71zm11.294 12.882c5.5-.067 10.801 4.143 11.67 9.653.338 1.48.471 3 .471 4.515v21.088h-8.357c-.07-7.588.153-15.182-.131-22.765-.587-4.368-7.04-5.747-9.672-2.397-2.422 3.04-1.47 7.155-1.67 10.735v6.392h-8.307c-.146-4.996.359-10.045-.404-15.002-1.108-4.218-7.809-5.565-10.094-1.666-1.685 3.046-.712 6.634-.976 9.936v14.767h-8.354c.109-8.165-.238-16.344.215-24.5.674-5.346 5.095-10.389 10.676-10.627 4.902-.739 10.103 2.038 12.053 6.631.375 1.435 1.76 1.932 1.994.084 1.844-3.704 5.501-6.739 9.785-6.771.367-.044.735-.068 1.101-.073z\"\/><defs><linearGradient id=\"paint0_linear_549_34\" x1=\"37.0692\" y1=\"0\" x2=\"37.0692\" y2=\"79\" gradientUnits=\"userSpaceOnUse\"><stop stop-color=\"#6364FF\"\/><stop offset=\"1\" stop-color=\"#563ACC\"\/><\/linearGradient><\/defs><\/svg><\/span><\/a><\/li><li class=\"shariff-button facebook shariff-nocustomcolor\" style=\"background-color:#4273c8\"><a href=\"https:\/\/www.facebook.com\/sharer\/sharer.php?u=https%3A%2F%2Ffw-nk.de%2Findex.php%2Fkommunalwahl-24%2Fstadtrat-neunkirchen%2F\" title=\"Bei Facebook teilen\" aria-label=\"Bei Facebook teilen\" role=\"button\" rel=\"nofollow\" class=\"shariff-link\" style=\"; background-color:#3b5998; color:#fff\" target=\"_blank\"><span class=\"shariff-icon\" style=\"\"><svg width=\"32px\" height=\"20px\" xmlns=\"http:\/\/www.w3.org\/2000\/svg\" viewBox=\"0 0 18 32\"><path fill=\"#3b5998\" d=\"M17.1 0.2v4.7h-2.8q-1.5 0-2.1 0.6t-0.5 1.9v3.4h5.2l-0.7 5.3h-4.5v13.6h-5.5v-13.6h-4.5v-5.3h4.5v-3.9q0-3.3 1.9-5.2t5-1.8q2.6 0 4.1 0.2z\"\/><\/svg><\/span><\/a><\/li><li class=\"shariff-button linkedin shariff-nocustomcolor\" style=\"background-color:#1488bf\"><a href=\"https:\/\/www.linkedin.com\/sharing\/share-offsite\/?url=https%3A%2F%2Ffw-nk.de%2Findex.php%2Fkommunalwahl-24%2Fstadtrat-neunkirchen%2F\" title=\"Bei LinkedIn teilen\" aria-label=\"Bei LinkedIn teilen\" role=\"button\" rel=\"noopener nofollow\" class=\"shariff-link\" style=\"; background-color:#0077b5; color:#fff\" target=\"_blank\"><span class=\"shariff-icon\" style=\"\"><svg width=\"32px\" height=\"20px\" xmlns=\"http:\/\/www.w3.org\/2000\/svg\" viewBox=\"0 0 27 32\"><path fill=\"#0077b5\" d=\"M6.2 11.2v17.7h-5.9v-17.7h5.9zM6.6 5.7q0 1.3-0.9 2.2t-2.4 0.9h0q-1.5 0-2.4-0.9t-0.9-2.2 0.9-2.2 2.4-0.9 2.4 0.9 0.9 2.2zM27.4 18.7v10.1h-5.9v-9.5q0-1.9-0.7-2.9t-2.3-1.1q-1.1 0-1.9 0.6t-1.2 1.5q-0.2 0.5-0.2 1.4v9.9h-5.9q0-7.1 0-11.6t0-5.3l0-0.9h5.9v2.6h0q0.4-0.6 0.7-1t1-0.9 1.6-0.8 2-0.3q3 0 4.9 2t1.9 6z\"\/><\/svg><\/span><\/a><\/li><li class=\"shariff-button info shariff-nocustomcolor\" style=\"background-color:#eee\"><a href=\"http:\/\/ct.de\/-2467514\" title=\"Weitere Informationen\" aria-label=\"Weitere Informationen\" role=\"button\" rel=\"noopener \" class=\"shariff-link\" style=\"; background-color:#fff; color:#fff\" target=\"_blank\"><span class=\"shariff-icon\" style=\"\"><svg width=\"32px\" height=\"20px\" xmlns=\"http:\/\/www.w3.org\/2000\/svg\" viewBox=\"0 0 11 32\"><path fill=\"#999\" d=\"M11.4 24v2.3q0 0.5-0.3 0.8t-0.8 0.4h-9.1q-0.5 0-0.8-0.4t-0.4-0.8v-2.3q0-0.5 0.4-0.8t0.8-0.4h1.1v-6.8h-1.1q-0.5 0-0.8-0.4t-0.4-0.8v-2.3q0-0.5 0.4-0.8t0.8-0.4h6.8q0.5 0 0.8 0.4t0.4 0.8v10.3h1.1q0.5 0 0.8 0.4t0.3 0.8zM9.2 3.4v3.4q0 0.5-0.4 0.8t-0.8 0.4h-4.6q-0.4 0-0.8-0.4t-0.4-0.8v-3.4q0-0.4 0.4-0.8t0.8-0.4h4.6q0.5 0 0.8 0.4t0.4 0.8z\"\/><\/svg><\/span><\/a><\/li><\/ul><\/div><\/div>","protected":false},"author":1,"featured_media":0,"parent":1017,"menu_order":2,"comment_status":"closed","ping_status":"closed","template":"","meta":{"footnotes":""},"class_list":["post-1019","page","type-page","status-publish","hentry"],"_links":{"self":[{"href":"https:\/\/fw-nk.de\/index.php\/wp-json\/wp\/v2\/pages\/1019","targetHints":{"allow":["GET"]}}],"collection":[{"href":"https:\/\/fw-nk.de\/index.php\/wp-json\/wp\/v2\/pages"}],"about":[{"href":"https:\/\/fw-nk.de\/index.php\/wp-json\/wp\/v2\/types\/page"}],"author":[{"embeddable":true,"href":"https:\/\/fw-nk.de\/index.php\/wp-json\/wp\/v2\/users\/1"}],"replies":[{"embeddable":true,"href":"https:\/\/fw-nk.de\/index.php\/wp-json\/wp\/v2\/comments?post=1019"}],"version-history":[{"count":29,"href":"https:\/\/fw-nk.de\/index.php\/wp-json\/wp\/v2\/pages\/1019\/revisions"}],"predecessor-version":[{"id":1184,"href":"https:\/\/fw-nk.de\/index.php\/wp-json\/wp\/v2\/pages\/1019\/revisions\/1184"}],"up":[{"embeddable":true,"href":"https:\/\/fw-nk.de\/index.php\/wp-json\/wp\/v2\/pages\/1017"}],"wp:attachment":[{"href":"https:\/\/fw-nk.de\/index.php\/wp-json\/wp\/v2\/media?parent=1019"}],"curies":[{"name":"wp","href":"https:\/\/api.w.org\/{rel}","templated":true}]}}